{"id":4,"date":"2021-12-15T13:43:51","date_gmt":"2021-12-15T13:43:51","guid":{"rendered":"https:\/\/udo-rodenberg.de\/?page_id=4"},"modified":"2021-12-15T17:41:07","modified_gmt":"2021-12-15T17:41:07","slug":"willkommen-auf-https-udo-rodenberg-de","status":"publish","type":"page","link":"https:\/\/udo-rodenberg.de\/","title":{"rendered":"Willkommen auf meiner Homepage"},"content":{"rendered":"\n<p class=\"has-normal-font-size\">Die Seite entsteht neu. Hier finden Sie k\u00fcnftig Informationen \u00fcber meine Aktivit\u00e4ten.<\/p>\n","protected":false},"excerpt":{"rendered":"<p>Die Seite entsteht neu. Hier finden Sie k\u00fcnftig Informationen \u00fcber meine Aktivit\u00e4ten.<\/p>\n","protected":false},"author":1,"featured_media":0,"parent":0,"menu_order":0,"comment_status":"closed","ping_status":"open","template":"","meta":{"footnotes":""},"class_list":["post-4","page","type-page","status-publish","h-entry","hentry","h-as-page"],"_links":{"self":[{"href":"https:\/\/udo-rodenberg.de\/index.php?rest_route=\/wp\/v2\/pages\/4","targetHints":{"allow":["GET"]}}],"collection":[{"href":"https:\/\/udo-rodenberg.de\/index.php?rest_route=\/wp\/v2\/pages"}],"about":[{"href":"https:\/\/udo-rodenberg.de\/index.php?rest_route=\/wp\/v2\/types\/page"}],"author":[{"embeddable":true,"href":"https:\/\/udo-rodenberg.de\/index.php?rest_route=\/wp\/v2\/users\/1"}],"replies":[{"embeddable":true,"href":"https:\/\/udo-rodenberg.de\/index.php?rest_route=%2Fwp%2Fv2%2Fcomments&post=4"}],"version-history":[{"count":4,"href":"https:\/\/udo-rodenberg.de\/index.php?rest_route=\/wp\/v2\/pages\/4\/revisions"}],"predecessor-version":[{"id":25,"href":"https:\/\/udo-rodenberg.de\/index.php?rest_route=\/wp\/v2\/pages\/4\/revisions\/25"}],"wp:attachment":[{"href":"https:\/\/udo-rodenberg.de\/index.php?rest_route=%2Fwp%2Fv2%2Fmedia&parent=4"}],"curies":[{"name":"wp","href":"https:\/\/api.w.org\/{rel}","templated":true}]}}